{"id":34,"date":"2022-06-04T03:28:27","date_gmt":"2022-06-04T03:28:27","guid":{"rendered":"http:\/\/source.wpopal.com\/kitchor\/?page_id=34"},"modified":"2026-04-14T15:31:55","modified_gmt":"2026-04-14T15:31:55","slug":"about-us","status":"publish","type":"page","link":"https:\/\/daraed.com\/index.php\/about-us\/","title":{"rendered":"\u00c0 propos de nous"},"content":{"rendered":"\t\t<div data-elementor-type=\"wp-page\" data-elementor-id=\"34\" class=\"elementor elementor-34\">\n\t\t\t\t\t\t<div class=\"elementor-section elementor-top-section elementor-element elementor-element-c8ae70c elementor-section-stretched elementor-section-boxed elementor-section-height-default elementor-section-height-default\" data-id=\"c8ae70c\" data-element_type=\"section\" data-e-type=\"section\" data-settings=\"{&quot;stretch_section&quot;:&quot;section-stretched&quot;,&quot;ekit_has_onepagescroll_dot&quot;:&quot;yes&quot;}\">\n\t\t\t\t\t\t<div class=\"elementor-container elementor-column-gap-no\">\n\t\t\t\t\t<div class=\"elementor-column elementor-col-50 elementor-top-column elementor-element elementor-element-33eed40\" data-id=\"33eed40\" data-element_type=\"column\" data-e-type=\"column\">\n\t\t\t<div class=\"elementor-widget-wrap elementor-element-populated\">\n\t\t\t\t\t\t<div class=\"elementor-element elementor-element-eb9ed73 elementor-widget elementor-widget-image\" data-id=\"eb9ed73\" data-element_type=\"widget\" data-e-type=\"widget\" data-settings=\"{&quot;ekit_we_effect_on&quot;:&quot;none&quot;}\" data-widget_type=\"image.default\">\n\t\t\t\t\t\t\t\t\t\t\t\t\t\t\t<img fetchpriority=\"high\" decoding=\"async\" width=\"768\" height=\"512\" src=\"https:\/\/daraed.com\/wp-content\/uploads\/2026\/04\/WhatsApp-Image-2026-03-01-at-15.07.19-768x512.jpeg\" class=\"attachment-medium_large size-medium_large wp-image-16725\" alt=\"\" srcset=\"https:\/\/daraed.com\/wp-content\/uploads\/2026\/04\/WhatsApp-Image-2026-03-01-at-15.07.19-768x512.jpeg 768w, https:\/\/daraed.com\/wp-content\/uploads\/2026\/04\/WhatsApp-Image-2026-03-01-at-15.07.19-300x200.jpeg 300w, https:\/\/daraed.com\/wp-content\/uploads\/2026\/04\/WhatsApp-Image-2026-03-01-at-15.07.19-1024x683.jpeg 1024w, https:\/\/daraed.com\/wp-content\/uploads\/2026\/04\/WhatsApp-Image-2026-03-01-at-15.07.19.jpeg 1536w\" sizes=\"(max-width: 768px) 100vw, 768px\" \/>\t\t\t\t\t\t\t\t\t\t\t\t\t\t\t<\/div>\n\t\t\t\t<div class=\"elementor-element elementor-element-f9cd92e elementor-widget__width-auto elementor-absolute elementor-hidden-laptop elementor-hidden-tablet_extra elementor-hidden-tablet elementor-hidden-mobile_extra elementor-hidden-mobile elementor-widget elementor-widget-image\" data-id=\"f9cd92e\" data-element_type=\"widget\" data-e-type=\"widget\" data-settings=\"{&quot;_position&quot;:&quot;absolute&quot;,&quot;ekit_we_effect_on&quot;:&quot;none&quot;}\" data-widget_type=\"image.default\">\n\t\t\t\t\t\t\t\t\t\t\t\t\t\t\t<img decoding=\"async\" width=\"483\" height=\"518\" src=\"https:\/\/daraed.com\/wp-content\/uploads\/2022\/06\/About2_02.png\" class=\"attachment-full size-full wp-image-1544\" alt=\"\" srcset=\"https:\/\/daraed.com\/wp-content\/uploads\/2022\/06\/About2_02.png 483w, https:\/\/daraed.com\/wp-content\/uploads\/2022\/06\/About2_02-280x300.png 280w\" sizes=\"(max-width: 483px) 100vw, 483px\" \/>\t\t\t\t\t\t\t\t\t\t\t\t\t\t\t<\/div>\n\t\t\t\t\t<\/div>\n\t\t<\/div>\n\t\t\t\t<div class=\"elementor-column elementor-col-50 elementor-top-column elementor-element elementor-element-27e9aba\" data-id=\"27e9aba\" data-element_type=\"column\" data-e-type=\"column\">\n\t\t\t<div class=\"elementor-widget-wrap elementor-element-populated\">\n\t\t\t\t\t\t<div class=\"elementor-element elementor-element-5cea4f6 elementor-widget elementor-widget-heading\" data-id=\"5cea4f6\" data-element_type=\"widget\" data-e-type=\"widget\" data-settings=\"{&quot;ekit_we_effect_on&quot;:&quot;none&quot;}\" data-widget_type=\"heading.default\">\n\t\t\t\t\t<h2 class=\"elementor-heading-title elementor-size-default\">\u00c0 propos de nous<\/h2>\t\t\t\t<\/div>\n\t\t\t\t<div class=\"elementor-element elementor-element-9c0e75c elementor-widget__width-initial elementor-widget elementor-widget-heading\" data-id=\"9c0e75c\" data-element_type=\"widget\" data-e-type=\"widget\" data-settings=\"{&quot;ekit_we_effect_on&quot;:&quot;none&quot;}\" data-widget_type=\"heading.default\">\n\t\t\t\t\t<h2 class=\"elementor-heading-title elementor-size-default\">ELAGRAM INNOVATIONS<\/h2>\t\t\t\t<\/div>\n\t\t\t\t<div class=\"elementor-element elementor-element-199814c elementor-mobile-align-center elementor-widget elementor-widget-button\" data-id=\"199814c\" data-element_type=\"widget\" data-e-type=\"widget\" data-settings=\"{&quot;ekit_we_effect_on&quot;:&quot;none&quot;}\" data-widget_type=\"button.default\">\n\t\t\t\t\t\t\t\t\t\t<a class=\"elementor-button elementor-button-link elementor-size-sm\" href=\"#\">\n\t\t\t\t\t\t<span class=\"elementor-button-content-wrapper\">\n\t\t\t\t\t\t<span class=\"elementor-button-icon\">\n\t\t\t\t<i aria-hidden=\"true\" class=\"kitchor-icon- kitchor-icon-long-arrow-right\"><\/i>\t\t\t<\/span>\n\t\t\t\t\t\t\t\t\t<span class=\"elementor-button-text\">Elagram Innovations est une soci\u00e9t\u00e9 sp\u00e9cialis\u00e9e dans le d\u00e9veloppement digital et les solutions informatiques innovantes. Nous accompagnons les entreprises, les entrepreneurs et les startups dans la transformation de leurs id\u00e9es en projets concrets, performants et rentables. Nous offrons une large gamme de services adapt\u00e9s aux besoins actuels du march\u00e9 :  Cr\u00e9ation de sites web modernes et performants  D\u00e9veloppement de plateformes e-commerce Cr\u00e9ation d\u2019applications mobiles et desktop sur mesure  Installation, configuration et maintenance des syst\u00e8mes informatiques (PC, r\u00e9seaux, serveurs) Mise en place et s\u00e9curisation des r\u00e9seaux informatiques Installation de syst\u00e8mes de surveillance et cam\u00e9ras de s\u00e9curit\u00e9  Solutions digitales pour d\u00e9velopper votre visibilit\u00e9 et attirer plus de clients Chez Elagram Innovations, nous ne nous limitons pas \u00e0 la technique. Nous proposons \u00e9galement :  Des formations professionnelles et des programmes d\u2019autoformation en informatique, programmation et digital  Un accompagnement personnalis\u00e9, incluant conseil strat\u00e9gique et n\u00e9gociation pour optimiser vos projets Notre objectif est simple : vous offrir des solutions fiables, innovantes et adapt\u00e9es pour faire \u00e9voluer votre activit\u00e9 dans un environnement digital en constante \u00e9volution. Avec Elagram Innovations, donnez une nouvelle dimension \u00e0 votre projet.<\/span>\n\t\t\t\t\t<\/span>\n\t\t\t\t\t<\/a>\n\t\t\t\t\t\t\t\t<\/div>\n\t\t\t\t\t<\/div>\n\t\t<\/div>\n\t\t\t\t\t<\/div>\n\t\t<\/div>\n\t\t<div class=\"elementor-element elementor-element-eb3b838 e-flex e-con-boxed e-con e-parent\" data-id=\"eb3b838\" data-element_type=\"container\" data-e-type=\"container\" data-settings=\"{&quot;ekit_has_onepagescroll_dot&quot;:&quot;yes&quot;}\">\n\t\t\t\t\t<div class=\"e-con-inner\">\n\t\t\t\t\t<\/div>\n\t\t\t\t<\/div>\n\t\t\t\t<section class=\"elementor-section elementor-top-section elementor-element elementor-element-502dfaa3 elementor-section-boxed elementor-section-height-default elementor-section-height-default\" data-id=\"502dfaa3\" data-element_type=\"section\" data-e-type=\"section\" data-settings=\"{&quot;ekit_has_onepagescroll_dot&quot;:&quot;yes&quot;}\">\n\t\t\t\t\t\t<div class=\"elementor-container elementor-column-gap-default\">\n\t\t\t\t\t<div class=\"elementor-column elementor-col-100 elementor-top-column elementor-element elementor-element-31c3b4a2\" data-id=\"31c3b4a2\" data-element_type=\"column\" data-e-type=\"column\">\n\t\t\t<div class=\"elementor-widget-wrap elementor-element-populated\">\n\t\t\t\t\t\t<section class=\"elementor-section elementor-inner-section elementor-element elementor-element-643b440e elementor-section-full_width elementor-section-height-default elementor-section-height-default\" data-id=\"643b440e\" data-element_type=\"section\" data-e-type=\"section\" data-settings=\"{&quot;ekit_has_onepagescroll_dot&quot;:&quot;yes&quot;}\">\n\t\t\t\t\t\t<div class=\"elementor-container elementor-column-gap-default\">\n\t\t\t\t\t<div class=\"elementor-column elementor-col-50 elementor-inner-column elementor-element elementor-element-597554d9\" data-id=\"597554d9\" data-element_type=\"column\" data-e-type=\"column\">\n\t\t\t<div class=\"elementor-widget-wrap\">\n\t\t\t\t\t\t\t<\/div>\n\t\t<\/div>\n\t\t\t\t<div class=\"elementor-column elementor-col-50 elementor-inner-column elementor-element elementor-element-4dabb823\" data-id=\"4dabb823\" data-element_type=\"column\" data-e-type=\"column\">\n\t\t\t<div class=\"elementor-widget-wrap\">\n\t\t\t\t\t\t\t<\/div>\n\t\t<\/div>\n\t\t\t\t\t<\/div>\n\t\t<\/section>\n\t\t\t\t\t<\/div>\n\t\t<\/div>\n\t\t\t\t\t<\/div>\n\t\t<\/section>\n\t\t\t\t<div class=\"elementor-section elementor-top-section elementor-element elementor-element-141b957 elementor-section-stretched elementor-section-boxed elementor-section-height-default elementor-section-height-default\" data-id=\"141b957\" data-element_type=\"section\" data-e-type=\"section\" data-settings=\"{&quot;stretch_section&quot;:&quot;section-stretched&quot;,&quot;background_background&quot;:&quot;classic&quot;,&quot;ekit_has_onepagescroll_dot&quot;:&quot;yes&quot;}\">\n\t\t\t\t\t\t<div class=\"elementor-container elementor-column-gap-no\">\n\t\t\t\t\t<div class=\"elementor-column elementor-col-100 elementor-top-column elementor-element elementor-element-077da2d\" data-id=\"077da2d\" data-element_type=\"column\" data-e-type=\"column\">\n\t\t\t<div class=\"elementor-widget-wrap elementor-element-populated\">\n\t\t\t\t\t\t<div class=\"elementor-element elementor-element-eb0ac1f elementor-widget elementor-widget-heading\" data-id=\"eb0ac1f\" data-element_type=\"widget\" data-e-type=\"widget\" data-settings=\"{&quot;ekit_we_effect_on&quot;:&quot;none&quot;}\" data-widget_type=\"heading.default\">\n\t\t\t\t\t<h2 class=\"elementor-heading-title elementor-size-default\">notre projet<\/h2>\t\t\t\t<\/div>\n\t\t\t\t<div class=\"elementor-element elementor-element-8d27b4c elementor-widget elementor-widget-heading\" data-id=\"8d27b4c\" data-element_type=\"widget\" data-e-type=\"widget\" data-settings=\"{&quot;ekit_we_effect_on&quot;:&quot;none&quot;}\" data-widget_type=\"heading.default\">\n\t\t\t\t\t<h2 class=\"elementor-heading-title elementor-size-default\">D\u00e9couvrez notre projet<\/h2>\t\t\t\t<\/div>\n\t\t\t\t<div class=\"elementor-element elementor-element-dcd42f7 elementor-widget__width-initial elementor-widget elementor-widget-text-editor\" data-id=\"dcd42f7\" data-element_type=\"widget\" data-e-type=\"widget\" data-settings=\"{&quot;ekit_we_effect_on&quot;:&quot;none&quot;}\" data-widget_type=\"text-editor.default\">\n\t\t\t\t\t\t\t\t\t<p>Explorez nos projets de certains de nos clients et voyez comment ils ont cr\u00e9\u00e9 le design de leurs r\u00eaves tout en trouvant des id\u00e9es pour le v\u00f4tre.<\/p>\t\t\t\t\t\t\t\t<\/div>\n\t\t\t\t<div class=\"elementor-element elementor-element-677ce06 elementor-widget elementor-widget-spacer\" data-id=\"677ce06\" data-element_type=\"widget\" data-e-type=\"widget\" data-settings=\"{&quot;ekit_we_effect_on&quot;:&quot;none&quot;}\" data-widget_type=\"spacer.default\">\n\t\t\t\t\t\t\t<div class=\"elementor-spacer\">\n\t\t\t<div class=\"elementor-spacer-inner\"><\/div>\n\t\t<\/div>\n\t\t\t\t\t\t<\/div>\n\t\t\t\t\t<\/div>\n\t\t<\/div>\n\t\t\t\t\t<\/div>\n\t\t<\/div>\n\t\t<div class=\"elementor-element elementor-element-9bd56f1 e-flex e-con-boxed e-con e-parent\" data-id=\"9bd56f1\" data-element_type=\"container\" data-e-type=\"container\" data-settings=\"{&quot;ekit_has_onepagescroll_dot&quot;:&quot;yes&quot;}\">\n\t\t\t\t\t<div class=\"e-con-inner\">\n\t\t<div class=\"elementor-element elementor-element-0dc9d70 e-con-full e-flex e-con e-child\" data-id=\"0dc9d70\" data-element_type=\"container\" data-e-type=\"container\" data-settings=\"{&quot;ekit_has_onepagescroll_dot&quot;:&quot;yes&quot;}\">\n\t\t<div class=\"elementor-element elementor-element-6f0e96e e-con-full e-flex e-con e-child\" data-id=\"6f0e96e\" data-element_type=\"container\" data-e-type=\"container\" data-settings=\"{&quot;ekit_has_onepagescroll_dot&quot;:&quot;yes&quot;}\">\n\t\t\t\t<\/div>\n\t\t<div class=\"elementor-element elementor-element-ca4e854 e-con-full e-flex e-con e-child\" data-id=\"ca4e854\" data-element_type=\"container\" data-e-type=\"container\" data-settings=\"{&quot;ekit_has_onepagescroll_dot&quot;:&quot;yes&quot;}\">\n\t\t\t\t<\/div>\n\t\t\t\t<\/div>\n\t\t\t\t\t<\/div>\n\t\t\t\t<\/div>\n\t\t\t\t<\/div>\n\t\t","protected":false},"excerpt":{"rendered":"<p>\u00c0 propos de nous ELAGRAM INNOVATIONS Elagram Innovations est une soci\u00e9t\u00e9 sp\u00e9cialis\u00e9e dans le d\u00e9veloppement digital et les solutions informatiques innovantes. Nous accompagnons les entreprises, les entrepreneurs et les startups dans la transformation de leurs id\u00e9es en projets concrets, performants et rentables. Nous offrons une large gamme de services adapt\u00e9s aux besoins actuels du march\u00e9 [&hellip;]<\/p>\n","protected":false},"author":1,"featured_media":0,"parent":0,"menu_order":0,"comment_status":"closed","ping_status":"closed","template":"template-homepage.php","meta":{"inline_featured_image":false,"footnotes":""},"class_list":["post-34","page","type-page","status-publish","hentry"],"_links":{"self":[{"href":"https:\/\/daraed.com\/index.php\/wp-json\/wp\/v2\/pages\/34","targetHints":{"allow":["GET"]}}],"collection":[{"href":"https:\/\/daraed.com\/index.php\/wp-json\/wp\/v2\/pages"}],"about":[{"href":"https:\/\/daraed.com\/index.php\/wp-json\/wp\/v2\/types\/page"}],"author":[{"embeddable":true,"href":"https:\/\/daraed.com\/index.php\/wp-json\/wp\/v2\/users\/1"}],"replies":[{"embeddable":true,"href":"https:\/\/daraed.com\/index.php\/wp-json\/wp\/v2\/comments?post=34"}],"version-history":[{"count":62,"href":"https:\/\/daraed.com\/index.php\/wp-json\/wp\/v2\/pages\/34\/revisions"}],"predecessor-version":[{"id":16728,"href":"https:\/\/daraed.com\/index.php\/wp-json\/wp\/v2\/pages\/34\/revisions\/16728"}],"wp:attachment":[{"href":"https:\/\/daraed.com\/index.php\/wp-json\/wp\/v2\/media?parent=34"}],"curies":[{"name":"wp","href":"https:\/\/api.w.org\/{rel}","templated":true}]}}