{"id":103,"date":"2022-06-04T03:55:46","date_gmt":"2022-06-04T03:55:46","guid":{"rendered":"http:\/\/source.wpopal.com\/kitchor\/?page_id=103"},"modified":"2025-07-15T16:31:58","modified_gmt":"2025-07-15T16:31:58","slug":"obtenir-un-devis","status":"publish","type":"page","link":"https:\/\/daraed.com\/index.php\/obtenir-un-devis\/","title":{"rendered":"Obtenir Un Devis"},"content":{"rendered":"\t\t<div data-elementor-type=\"wp-page\" data-elementor-id=\"103\" class=\"elementor elementor-103\">\n\t\t\t\t<div class=\"elementor-element elementor-element-c2151cd e-flex e-con-boxed e-con e-parent\" data-id=\"c2151cd\" data-element_type=\"container\" data-e-type=\"container\" data-settings=\"{&quot;ekit_has_onepagescroll_dot&quot;:&quot;yes&quot;}\">\n\t\t\t\t\t<div class=\"e-con-inner\">\n\t\t\t\t<div class=\"elementor-element elementor-element-1ac8aa5 contact-form-align-center elementor-widget elementor-widget-kitchor-contactform\" data-id=\"1ac8aa5\" data-element_type=\"widget\" data-e-type=\"widget\" data-settings=\"{&quot;ekit_we_effect_on&quot;:&quot;none&quot;}\" data-widget_type=\"kitchor-contactform.default\">\n\t\t\t\t<div class=\"elementor-widget-container\">\n\t\t\t\t\t\n<div class=\"wpcf7 no-js\" id=\"wpcf7-f6901-o1\" lang=\"en-US\" dir=\"ltr\" data-wpcf7-id=\"6901\">\n<div class=\"screen-reader-response\"><p role=\"status\" aria-live=\"polite\" aria-atomic=\"true\"><\/p> <ul><\/ul><\/div>\n<form action=\"\/index.php\/wp-json\/wp\/v2\/pages\/103#wpcf7-f6901-o1\" method=\"post\" class=\"wpcf7-form init\" aria-label=\"Contact form\" novalidate=\"novalidate\" data-status=\"init\">\n<fieldset class=\"hidden-fields-container\"><input type=\"hidden\" name=\"_wpcf7\" value=\"6901\" \/><input type=\"hidden\" name=\"_wpcf7_version\" value=\"6.1.5\" \/><input type=\"hidden\" name=\"_wpcf7_locale\" value=\"en_US\" \/><input type=\"hidden\" name=\"_wpcf7_unit_tag\" value=\"wpcf7-f6901-o1\" \/><input type=\"hidden\" name=\"_wpcf7_container_post\" value=\"0\" \/><input type=\"hidden\" name=\"_wpcf7_posted_data_hash\" value=\"\" \/>\n<\/fieldset>\n<div class=\"row row-form\">\n\t<div class=\"column-tablet-12 column-12\">\n\t\t<h5>Entrez vos coordonn\u00e9es\n\t\t<\/h5>\n\t<\/div>\n<\/div>\n<div class=\"row row-form\">\n\t<div class=\"column-tablet-6 column-12\">\n\t\t<p><span class=\"wpcf7-form-control-wrap\" data-name=\"your-fist-name\"><input size=\"40\" maxlength=\"400\" class=\"wpcf7-form-control wpcf7-text wpcf7-validates-as-required\" id=\"form-fist-name\" aria-required=\"true\" aria-invalid=\"false\" value=\"Pr\u00e9nom *\" type=\"text\" name=\"your-fist-name\" \/><\/span>\n\t\t<\/p>\n\t<\/div>\n\t<div class=\"column-tablet-6 column-12\">\n\t\t<p><span class=\"wpcf7-form-control-wrap\" data-name=\"your-last-name\"><input size=\"40\" maxlength=\"400\" class=\"wpcf7-form-control wpcf7-text wpcf7-validates-as-required\" id=\"form-lastname\" aria-required=\"true\" aria-invalid=\"false\" value=\"Nom *\" type=\"text\" name=\"your-last-name\" \/><\/span>\n\t\t<\/p>\n\t<\/div>\n<\/div>\n<div class=\"row row-form\">\n\t<div class=\"column-tablet-6 column-12\">\n\t\t<p><span class=\"wpcf7-form-control-wrap\" data-name=\"your-email\"><input size=\"40\" maxlength=\"400\" class=\"wpcf7-form-control wpcf7-email wpcf7-validates-as-required wpcf7-text wpcf7-validates-as-email\" id=\"form-email\" aria-required=\"true\" aria-invalid=\"false\" value=\"Adresse email *\" type=\"email\" name=\"your-email\" \/><\/span>\n\t\t<\/p>\n\t<\/div>\n\t<div class=\"column-tablet-6 column-12\">\n\t\t<p><span class=\"wpcf7-form-control-wrap\" data-name=\"your-address\"><input size=\"40\" maxlength=\"400\" class=\"wpcf7-form-control wpcf7-text wpcf7-validates-as-required\" id=\"form-address\" aria-required=\"true\" aria-invalid=\"false\" value=\"Adresse\/Ville *\" type=\"text\" name=\"your-address\" \/><\/span>\n\t\t<\/p>\n\t<\/div>\n<\/div>\n<div class=\"row row-form\">\n\t<div class=\"column-tablet-6 column-12\">\n\t\t<p><span class=\"wpcf7-form-control-wrap\" data-name=\"phone\"><input class=\"wpcf7-form-control wpcf7-number wpcf7-validates-as-required wpcf7-validates-as-number\" min=\"7\" max=\"20\" aria-required=\"true\" aria-invalid=\"false\" placeholder=\"T\u00e9l\u00e9phone *\" value=\"\" type=\"number\" name=\"phone\" \/><\/span>\n\t\t<\/p>\n\t<\/div>\n\t<div class=\"column-tablet-6 column-12\">\n\t\t<p><span class=\"wpcf7-form-control-wrap\" data-name=\"your-service\"><select class=\"wpcf7-form-control wpcf7-select\" aria-invalid=\"false\" name=\"your-service\"><option value=\"\">Choisissez votre service<\/option><option value=\"Ameublement sur mesure\">Ameublement sur mesure<\/option><option value=\"Tapisserie (Salons marocains &amp; modernes)\">Tapisserie (Salons marocains &amp; modernes)<\/option><option value=\"D\u00e9coration int\u00e9rieure et ext\u00e9rieure\">D\u00e9coration int\u00e9rieure et ext\u00e9rieure<\/option><option value=\"Am\u00e9nagement int\u00e9rieur de A \u00e0 Z\">Am\u00e9nagement int\u00e9rieur de A \u00e0 Z<\/option><\/select><\/span>\n\t\t<\/p>\n\t<\/div>\n<\/div>\n<div class=\"row row-form\">\n\t<div class=\"column-12\">\n\t\t<p><span class=\"wpcf7-form-control-wrap\" data-name=\"your-subject\"><input size=\"40\" maxlength=\"400\" class=\"wpcf7-form-control wpcf7-text wpcf7-validates-as-required\" id=\"form-subject\" aria-required=\"true\" aria-invalid=\"false\" value=\"Sujet *\" type=\"text\" name=\"your-subject\" \/><\/span>\n\t\t<\/p>\n\t<\/div>\n<\/div>\n<div class=\"row row-form\">\n\t<div class=\"column-12\">\n\t\t<p><span class=\"wpcf7-form-control-wrap\" data-name=\"your-message\"><textarea cols=\"40\" rows=\"4\" maxlength=\"2000\" class=\"wpcf7-form-control wpcf7-textarea wpcf7-validates-as-required\" aria-required=\"true\" aria-invalid=\"false\" name=\"your-message\">D\u00e9tails du message<\/textarea><\/span>\n\t\t<\/p>\n\t<\/div>\n<\/div>\n<div class=\"row row-form\">\n\t<div class=\"column-tablet-12 column-12\">\n\t\t<h6>M\u00e9thode de contact pr\u00e9f\u00e9r\u00e9e *\n\t\t<\/h6>\n\t<\/div>\n<\/div>\n<div class=\"row row-form\">\n\t<div class=\"column-tablet-12 column-12\">\n\t\t<p><span class=\"wpcf7-form-control-wrap\" data-name=\"radio-359\"><span class=\"wpcf7-form-control wpcf7-radio\"><span class=\"wpcf7-list-item first\"><label><input type=\"radio\" name=\"radio-359\" value=\"T\u00e9l\u00e9phone\" checked=\"checked\" \/><span class=\"wpcf7-list-item-label\">T\u00e9l\u00e9phone<\/span><\/label><\/span><span class=\"wpcf7-list-item\"><label><input type=\"radio\" name=\"radio-359\" value=\"SMS\" \/><span class=\"wpcf7-list-item-label\">SMS<\/span><\/label><\/span><span class=\"wpcf7-list-item last\"><label><input type=\"radio\" name=\"radio-359\" value=\"Email\" \/><span class=\"wpcf7-list-item-label\">Email<\/span><\/label><\/span><\/span><\/span>\n\t\t<\/p>\n\t<\/div>\n<\/div>\n<div class=\"wpcf7-button-1\">\n\t<p><button type=\"submit\" value=\"Envoyer\"><span>Obtenir un devis<\/span><\/button>\n\t<\/p>\n<\/div><div class=\"wpcf7-response-output\" aria-hidden=\"true\"><\/div>\n<\/form>\n<\/div>\n\t\t\t\t<\/div>\n\t\t\t\t<\/div>\n\t\t\t\t\t<\/div>\n\t\t\t\t<\/div>\n\t\t\t\t<\/div>\n\t\t","protected":false},"excerpt":{"rendered":"<p>Enter Your Detail Choose your serviceHome checkSmart careFast deliveryPersonalisation Message details How did you hear about us? &#8211; &#8211; &#8211; &#8211; &#8211;College\u2019s Course Information UnitEmail from the CollegeText message from the College Preferred contact method * PhoneText MessageEmail Communication preferences * Yes &#8211; I would like to receive Kitchens\u2019 newsletter, special offers and discounts, and [&hellip;]<\/p>\n","protected":false},"author":1,"featured_media":0,"parent":0,"menu_order":0,"comment_status":"closed","ping_status":"closed","template":"","meta":{"inline_featured_image":false,"footnotes":""},"class_list":["post-103","page","type-page","status-publish","hentry"],"_links":{"self":[{"href":"https:\/\/daraed.com\/index.php\/wp-json\/wp\/v2\/pages\/103","targetHints":{"allow":["GET"]}}],"collection":[{"href":"https:\/\/daraed.com\/index.php\/wp-json\/wp\/v2\/pages"}],"about":[{"href":"https:\/\/daraed.com\/index.php\/wp-json\/wp\/v2\/types\/page"}],"author":[{"embeddable":true,"href":"https:\/\/daraed.com\/index.php\/wp-json\/wp\/v2\/users\/1"}],"replies":[{"embeddable":true,"href":"https:\/\/daraed.com\/index.php\/wp-json\/wp\/v2\/comments?post=103"}],"version-history":[{"count":4,"href":"https:\/\/daraed.com\/index.php\/wp-json\/wp\/v2\/pages\/103\/revisions"}],"predecessor-version":[{"id":16367,"href":"https:\/\/daraed.com\/index.php\/wp-json\/wp\/v2\/pages\/103\/revisions\/16367"}],"wp:attachment":[{"href":"https:\/\/daraed.com\/index.php\/wp-json\/wp\/v2\/media?parent=103"}],"curies":[{"name":"wp","href":"https:\/\/api.w.org\/{rel}","templated":true}]}}